{"id":3262,"date":"2024-03-29T19:56:08","date_gmt":"2024-03-29T19:56:08","guid":{"rendered":"https:\/\/balancemedspa.com\/3d-facial-diagnostic-evaluation\/"},"modified":"2025-03-25T18:31:56","modified_gmt":"2025-03-25T18:31:56","slug":"3d-facial-diagnostic-evaluation","status":"publish","type":"page","link":"https:\/\/balancemedspa.com\/en\/3d-facial-diagnostic-evaluation\/","title":{"rendered":"3D Facial Diagnostic Evaluation"},"content":{"rendered":"<p>[et_pb_section fb_built=&#8221;1&#8243; _builder_version=&#8221;4.17.0&#8243; _module_preset=&#8221;default&#8221; background_image=&#8221;https:\/\/balancemedspa.com\/wp-content\/uploads\/2024\/03\/442262b7-ac17-4cbe-86e7-483ddf5b920c.jpg&#8221; parallax=&#8221;on&#8221; custom_padding=&#8221;197px||216px|||&#8221; locked=&#8221;off&#8221; global_colors_info=&#8221;{}&#8221;][et_pb_row _builder_version=&#8221;4.17.0&#8243; _module_preset=&#8221;default&#8221; background_color=&#8221;rgba(0,0,0,0.15)&#8221; global_colors_info=&#8221;{}&#8221;][et_pb_column type=&#8221;4_4&#8243; _builder_version=&#8221;4.17.0&#8243; _module_preset=&#8221;default&#8221; global_colors_info=&#8221;{}&#8221;][et_pb_text _builder_version=&#8221;4.17.0&#8243; _module_preset=&#8221;default&#8221; text_text_color=&#8221;#FFFFFF&#8221; text_font_size=&#8221;25px&#8221; header_text_color=&#8221;#FFFFFF&#8221; header_font_size=&#8221;33px&#8221; header_text_shadow_style=&#8221;preset4&#8243; global_colors_info=&#8221;{}&#8221;]<\/p>\n<h1 style=\"text-align: center;\">3D Facial Diagnostic Evaluation<\/h1>\n<p>[\/et_pb_text][et_pb_button button_url=&#8221;https:\/\/balancemedspa.com\/en\/contact\/&#8221; button_text=&#8221;Schedule your appointment&#8221; button_alignment=&#8221;center&#8221; _builder_version=&#8221;4.17.0&#8243; _module_preset=&#8221;default&#8221; custom_button=&#8221;on&#8221; button_text_size=&#8221;21px&#8221; button_text_color=&#8221;#FFFFFF&#8221; button_bg_color=&#8221;rgba(12,113,195,0.5)&#8221; button_border_radius=&#8221;10px&#8221; button_letter_spacing=&#8221;1px&#8221; button_font=&#8221;Allerta||||||||&#8221; animation_style=&#8221;zoom&#8221; hover_transition_delay=&#8221;100ms&#8221; global_colors_info=&#8221;{}&#8221;][\/et_pb_button][\/et_pb_column][\/et_pb_row][\/et_pb_section][et_pb_section fb_built=&#8221;1&#8243; _builder_version=&#8221;4.17.0&#8243; _module_preset=&#8221;default&#8221; custom_padding=&#8221;0px||13px|||&#8221; locked=&#8221;off&#8221; global_colors_info=&#8221;{}&#8221;][et_pb_row _builder_version=&#8221;4.17.0&#8243; _module_preset=&#8221;default&#8221; custom_padding=&#8221;||11px|||&#8221; global_colors_info=&#8221;{}&#8221;][et_pb_column type=&#8221;4_4&#8243; _builder_version=&#8221;4.17.0&#8243; _module_preset=&#8221;default&#8221; global_colors_info=&#8221;{}&#8221;][et_pb_code _builder_version=&#8221;4.17.0&#8243; _module_preset=&#8221;default&#8221; hover_enabled=&#8221;0&#8243; global_colors_info=&#8221;{}&#8221; sticky_enabled=&#8221;0&#8243;]<iframe loading=\"lazy\" width=\"560\" height=\"315\" src=\"https:\/\/www.youtube.com\/embed\/UUOcXq5NNlo?si=eZsZvtTJlPGpufzU\" title=\"YouTube video player\" frameborder=\"0\" allow=\"accelerometer; autoplay; clipboard-write; encrypted-media; gyroscope; picture-in-picture; web-share\" referrerpolicy=\"strict-origin-when-cross-origin\" allowfullscreen><\/iframe>[\/et_pb_code][dsm_animated_gradient_text animated_gradient_text=&#8221;In our quest to provide you with the latest in technology and results, we are excited to present you our revolutionary 3D Facial Analysis and Diagnosis service. Equipped with the most advanced artificial intelligence technology and high-precision dual cameras, our 3D Skin Analyzer is capable of providing you with a detailed and complete view of your skin like never before.&#8221; _builder_version=&#8221;4.17.0&#8243; _module_preset=&#8221;default&#8221; header_text_align=&#8221;center&#8221; custom_margin=&#8221;-7px|||||&#8221; global_colors_info=&#8221;{}&#8221;][\/dsm_animated_gradient_text][\/et_pb_column][\/et_pb_row][et_pb_row column_structure=&#8221;1_3,2_3&#8243; _builder_version=&#8221;4.17.0&#8243; _module_preset=&#8221;default&#8221; global_colors_info=&#8221;{}&#8221;][et_pb_column type=&#8221;1_3&#8243; _builder_version=&#8221;4.17.0&#8243; _module_preset=&#8221;default&#8221; global_colors_info=&#8221;{}&#8221;][et_pb_image src=&#8221;https:\/\/balancemedspa.com\/wp-content\/uploads\/2024\/03\/f3839a06-235c-4b5b-a22e-db30d2b17409.webp&#8221; title_text=&#8221;f3839a06-235c-4b5b-a22e-db30d2b17409&#8243; _builder_version=&#8221;4.17.0&#8243; _module_preset=&#8221;default&#8221; global_colors_info=&#8221;{}&#8221;][\/et_pb_image][et_pb_image src=&#8221;https:\/\/balancemedspa.com\/wp-content\/uploads\/2024\/04\/imagenes-dg-facial.jpeg&#8221; title_text=&#8221;imagenes dg facial&#8221; _builder_version=&#8221;4.17.0&#8243; _module_preset=&#8221;default&#8221; global_colors_info=&#8221;{}&#8221;][\/et_pb_image][\/et_pb_column][et_pb_column type=&#8221;2_3&#8243; _builder_version=&#8221;4.17.0&#8243; _module_preset=&#8221;default&#8221; global_colors_info=&#8221;{}&#8221;][et_pb_text _builder_version=&#8221;4.17.0&#8243; _module_preset=&#8221;default&#8221; text_font=&#8221;Verdana||||||||&#8221; text_text_color=&#8221;#000000&#8243; header_3_text_color=&#8221;#0C71C3&#8243; global_colors_info=&#8221;{}&#8221;]<\/p>\n<h3><strong>What is our 3D facial diagnosis?<\/strong><\/h3>\n<p style=\"text-align: justify;\"><strong> Deep analysis:<\/strong> It is a machine that has the ability to analyze your skin very deeply, that is, it has the ability to detect things that our human eye cannot. Our analyzer can detect and analyze a wide range of skin conditions and we will be able to know how your skin is hydrated, oily, texture and amount of dead cells, the amount and depth of the spots, the amount of contamination that your pores, the areas of your skin that are most sensitive, the age of your skin, the type of skin you have and much more! With all this information, we will be able to know exactly what your skin needs and generate a more specific treatment plan, being sure that you will achieve what you want to improve.<\/p>\n<p style=\"text-align: justify;\"><strong> Personalized recommendations:<\/strong> Based on the results of the analysis, our professionals will have all the information necessary to also give you specific recommendations for treatments and skin care products that fit the specific needs of your skin, ensuring that you can achieve radiant, healthy skin. That is why it is essential that you bring the products you use for your facial care (cleanser, exfoliants, toners, serums, creams, sunscreen), this way we can check if they are appropriate for your skin type, in addition to teaching you how to use each one of them.<\/p>\n<p style=\"text-align: justify;\"><strong> Detailed report:<\/strong> You will receive a complete medical skin analysis report. It can be done on both women and men of any age..<\/p>\n<p style=\"text-align: justify;\"><strong> 3D Anatomical Illustration of the Skin:<\/strong> In addition to analytical data, our system will also generate a 3D anatomical illustration of your skin, allowing you to better visualize and understand the specific characteristics of your skin.<\/p>\n<p>&nbsp;<\/p>\n<h3><strong>The virtual facial diagnosis tracks up to 10 skin problems:<\/strong><\/h3>\n<ul>\n<li>Stains<\/li>\n<li>Wrinkles<\/li>\n<li>Hydration<\/li>\n<li>Redness<\/li>\n<li>Greasiness<\/li>\n<li>Acne<\/li>\n<li>Texture<\/li>\n<li>visible pores<\/li>\n<li>Contaminated pores<\/li>\n<li>Sensitive areas<\/li>\n<\/ul>\n<p>[\/et_pb_text][\/et_pb_column][\/et_pb_row][et_pb_row _builder_version=&#8221;4.17.0&#8243; _module_preset=&#8221;default&#8221; custom_padding=&#8221;13px|||||&#8221; global_colors_info=&#8221;{}&#8221;][et_pb_column type=&#8221;4_4&#8243; _builder_version=&#8221;4.17.0&#8243; _module_preset=&#8221;default&#8221; global_colors_info=&#8221;{}&#8221;][dsm_animated_gradient_text animated_gradient_text=&#8221;At BalanceMedSpa, we are committed to providing you with the most advanced and personalized services so you can achieve your skin care goals effectively and safely. Experience the revolution in skin care with our 3D Facial Analysis and Diagnosis today!&#8221; _builder_version=&#8221;4.17.0&#8243; _module_preset=&#8221;default&#8221; header_text_align=&#8221;center&#8221; global_colors_info=&#8221;{}&#8221;][\/dsm_animated_gradient_text][\/et_pb_column][\/et_pb_row][et_pb_row _builder_version=&#8221;4.17.0&#8243; _module_preset=&#8221;default&#8221; global_colors_info=&#8221;{}&#8221;][et_pb_column type=&#8221;4_4&#8243; _builder_version=&#8221;4.17.0&#8243; _module_preset=&#8221;default&#8221; global_colors_info=&#8221;{}&#8221;][et_pb_button button_url=&#8221;https:\/\/balancemedspa.com\/en\/contact\/&#8221; button_text=&#8221;Schedule your FREE evaluation!&#8221; button_alignment=&#8221;center&#8221; _builder_version=&#8221;4.17.0&#8243; _module_preset=&#8221;default&#8221; custom_button=&#8221;on&#8221; button_text_size=&#8221;28px&#8221; button_text_color=&#8221;#FFFFFF&#8221; button_bg_color=&#8221;#0C71C3&#8243; button_border_radius=&#8221;24px&#8221; global_colors_info=&#8221;{}&#8221;][\/et_pb_button][\/et_pb_column][\/et_pb_row][\/et_pb_section][et_pb_section fb_built=&#8221;1&#8243; specialty=&#8221;on&#8221; _builder_version=&#8221;4.17.0&#8243; _module_preset=&#8221;default&#8221; background_color=&#8221;rgba(12,113,195,0.14)&#8221; custom_padding=&#8221;6px||12px|||&#8221; global_colors_info=&#8221;{}&#8221;][et_pb_column type=&#8221;2_3&#8243; specialty_columns=&#8221;2&#8243; _builder_version=&#8221;4.16&#8243; custom_padding=&#8221;|||&#8221; global_colors_info=&#8221;{}&#8221; custom_padding__hover=&#8221;|||&#8221;][et_pb_row_inner _builder_version=&#8221;4.17.0&#8243; _module_preset=&#8221;default&#8221; custom_padding=&#8221;||0px|||&#8221; global_colors_info=&#8221;{}&#8221;][et_pb_column_inner saved_specialty_column_type=&#8221;2_3&#8243; _builder_version=&#8221;4.17.0&#8243; _module_preset=&#8221;default&#8221; global_colors_info=&#8221;{}&#8221;][et_pb_text _builder_version=&#8221;4.17.0&#8243; _module_preset=&#8221;default&#8221; header_2_text_color=&#8221;#f25c00&#8243; header_4_text_color=&#8221;#E09900&#8243; header_5_text_color=&#8221;#E09900&#8243; background_color=&#8221;#e8e8e8&#8243; custom_margin=&#8221;||3px|||&#8221; header_2_text_shadow_style=&#8221;preset5&#8243; header_2_text_shadow_horizontal_length=&#8221;-0.01em&#8221; header_2_text_shadow_vertical_length=&#8221;0.04em&#8221; header_4_text_shadow_style=&#8221;preset3&#8243; header_5_text_shadow_style=&#8221;preset3&#8243; global_colors_info=&#8221;{}&#8221;]<\/p>\n<h2 style=\"text-align: center;\"><strong>The peace of mind of being attended by professionals<\/strong><\/h2>\n<p>[\/et_pb_text][et_pb_text _builder_version=&#8221;4.17.0&#8243; _module_preset=&#8221;default&#8221; text_font=&#8221;Verdana||||||||&#8221; text_font_size=&#8221;16px&#8221; global_colors_info=&#8221;{}&#8221;]<\/p>\n<p style=\"text-align: center;\">A facial is not only a luxury for the skin, but also for the soul, as it helps to reduce stress, promotes relaxation and self-confidence.<\/p>\n<p>[\/et_pb_text][et_pb_text _builder_version=&#8221;4.17.0&#8243; _module_preset=&#8221;default&#8221; header_font=&#8221;ABeeZee||||||||&#8221; header_2_text_color=&#8221;#05198c&#8221; global_colors_info=&#8221;{}&#8221;]<\/p>\n<h2><strong>Our treatments<\/strong><\/h2>\n<p>[\/et_pb_text][\/et_pb_column_inner][\/et_pb_row_inner][et_pb_row_inner column_structure=&#8221;1_2,1_2&#8243; _builder_version=&#8221;4.17.0&#8243; _module_preset=&#8221;default&#8221; global_colors_info=&#8221;{}&#8221;][et_pb_column_inner type=&#8221;1_2&#8243; saved_specialty_column_type=&#8221;2_3&#8243; _builder_version=&#8221;4.17.0&#8243; _module_preset=&#8221;default&#8221; global_colors_info=&#8221;{}&#8221;][et_pb_text _builder_version=&#8221;4.17.0&#8243; _module_preset=&#8221;default&#8221; text_font=&#8221;Abel||||||||&#8221; text_text_color=&#8221;#190ccc&#8221; text_font_size=&#8221;18px&#8221; global_colors_info=&#8221;{}&#8221;]<\/p>\n<p><span class=\"agsdi-icon\" style=\"color: #059ff2!important; font-size: 20px;\" data-icon=\"agsdix-seth-icon_check_alt\">icon_check_alt icon<\/span><a href=\"https:\/\/balancemedspa.com\/evaluacion-diagnostica-facial-3d\/\"><strong> 3D Facial Evaluation<\/strong><\/a><br \/><span class=\"agsdi-icon\" style=\"color: #059ff2!important; font-size: 20px;\" data-icon=\"agsdix-seth-icon_check_alt\">icon_check_alt icon<\/span><a href=\"https:\/\/balancemedspa.com\/pestanas\/\"><strong> Pesta\u00f1as<\/strong><\/a><br \/><span class=\"agsdi-icon\" style=\"color: #059ff2!important; font-size: 20px;\" data-icon=\"agsdix-seth-icon_check_alt\">icon_check_alt icon<\/span><a href=\"https:\/\/balancemedspa.com\/en\/facial-rejuvenation-with-injectables\/\"><strong> Facial rejuvenation <\/strong><\/a> <br \/><span class=\"agsdi-icon\" style=\"color: #059ff2!important; font-size: 20px;\" data-icon=\"agsdix-seth-icon_check_alt\">icon_check_alt icon<\/span><a href=\"https:\/\/balancemedspa.com\/en\/deep-facial-cleansing-2\/\"><strong> Deep facial cleansing<\/strong><\/a><br \/><span class=\"agsdi-icon\" style=\"color: #059ff2!important; font-size: 20px;\" data-icon=\"agsdix-seth-icon_check_alt\">icon_check_alt icon<\/span><a href=\"https:\/\/balancemedspa.com\/en\/teen-facial-cleansing\/\"><strong> Teenage Facial Cleansing<\/strong><\/a><br \/><span class=\"agsdi-icon\" style=\"color: #059ff2!important; font-size: 20px;\" data-icon=\"agsdix-seth-icon_check_alt\">icon_check_alt icon<\/span><a href=\"https:\/\/balancemedspa.com\/en\/facial-spot-treatment\/\"><strong> Facial blemish treatment<\/strong><\/a><br \/><span class=\"agsdi-icon\" style=\"color: #059ff2!important; font-size: 20px;\" data-icon=\"agsdix-seth-icon_check_alt\">icon_check_alt icon<\/span><a href=\"https:\/\/balancemedspa.com\/en\/treatment-for-dark-circles-under-the-eyes\/\"><strong> Dark circles under the eyes treatment<\/strong><\/a><br \/><span class=\"agsdi-icon\" style=\"color: #059ff2!important; font-size: 20px;\" data-icon=\"agsdix-seth-icon_check_alt\">icon_check_alt icon<\/span><a href=\"https:\/\/balancemedspa.com\/en\/treatment-for-active-acne\/\"><strong> Active Acne Treatment<\/strong><\/a><br \/><span class=\"agsdi-icon\" style=\"color: #059ff2!important; font-size: 20px;\" data-icon=\"agsdix-seth-icon_check_alt\">icon_check_alt icon<\/span><strong><a href=\"https:\/\/balancemedspa.com\/en\/hydrafacial\/\"> Hydrafacial<\/a> <br \/><\/strong><strong><span class=\"agsdi-icon\" style=\"color: #059ff2!important; font-size: 20px;\" data-icon=\"agsdix-seth-icon_check_alt\">icon_check_alt icon<\/span> <a href=\"https:\/\/balancemedspa.com\/en\/capillary-recovery\/\">Tratamiento para ca\u00edda de pelo<\/a><\/strong><\/p>\n<p><a href=\"https:\/\/balancemedspa.com\/en\/capillary-recovery\/\"> <\/a><\/p>\n<p>[\/et_pb_text][\/et_pb_column_inner][et_pb_column_inner type=&#8221;1_2&#8243; saved_specialty_column_type=&#8221;2_3&#8243; _builder_version=&#8221;4.17.0&#8243; _module_preset=&#8221;default&#8221; global_colors_info=&#8221;{}&#8221;][et_pb_text _builder_version=&#8221;4.17.0&#8243; _module_preset=&#8221;default&#8221; text_font=&#8221;Abel||||||||&#8221; text_text_color=&#8221;#190ccc&#8221; text_font_size=&#8221;18px&#8221; global_colors_info=&#8221;{}&#8221;]<\/p>\n<p><span class=\"agsdi-icon\" style=\"color: #059ff2!important; font-size: 20px;\" data-icon=\"agsdix-seth-icon_check_alt\">icon_check_alt icon<\/span><a href=\"https:\/\/balancemedspa.com\/en\/acne-scars\/\"><strong> Acne scars<\/strong><\/a><br \/><span class=\"agsdi-icon\" style=\"color: #059ff2!important; font-size: 20px;\" data-icon=\"agsdix-seth-icon_check_alt\">icon_check_alt icon<\/span><a href=\"https:\/\/balancemedspa.com\/en\/microneedling-facial-treatment-microneedling\/\"><strong> Microneedling<\/strong><\/a><br \/><span class=\"agsdi-icon\" style=\"color: #059ff2!important; font-size: 20px;\" data-icon=\"agsdix-seth-icon_check_alt\">icon_check_alt icon<\/span><a href=\"https:\/\/balancemedspa.com\/en\/laser-depilation\/\"><strong> Definitive Laser Hair Removal<\/strong><\/a><br \/><span class=\"agsdi-icon\" style=\"color: #059ff2!important; font-size: 20px;\" data-icon=\"agsdix-seth-icon_check_alt\">icon_check_alt icon<\/span><a href=\"https:\/\/balancemedspa.com\/en\/treatment-for-double-chin\/\"><strong> Tratamiento para papada<\/strong><\/a><br \/><span class=\"agsdi-icon\" style=\"color: #059ff2!important; font-size: 20px;\" data-icon=\"agsdix-seth-icon_check_alt\">icon_check_alt icon<\/span><a href=\"https:\/\/balancemedspa.com\/en\/facial-rejuvenation-with-injectables\/\"><strong> B\u00f3tox, \u00e1cido hialur\u00f3nico<\/strong><\/a><br \/><span class=\"agsdi-icon\" style=\"color: #059ff2!important; font-size: 20px;\" data-icon=\"agsdix-seth-icon_check_alt\">icon_check_alt icon<\/span><a href=\"https:\/\/balancemedspa.com\/en\/facial-rejuvenation-with-injectables\/\"><strong> Plasma rico en plaquetas<\/strong><\/a><br \/><a href=\"https:\/\/balancemedspa.com\/en\/facial-lymphatic-drainage\/\"><span class=\"agsdi-icon\" style=\"color: #059ff2!important; font-size: 20px;\" data-icon=\"agsdix-seth-icon_check_alt\">icon_check_alt icon<\/span><strong> Facial Lymphatic Drainage<\/strong><\/a><br \/><span class=\"agsdi-icon\" style=\"color: #059ff2!important; font-size: 20px;\" data-icon=\"agsdix-seth-icon_check_alt\">icon_check_alt icon<\/span><a href=\"https:\/\/balancemedspa.com\/en\/non-invasive-facial-rejuvenation\/\"><strong> Rejuvenecimiento facial no invasivo<\/strong><\/a><br \/><span class=\"agsdi-icon\" style=\"color: #059ff2!important; font-size: 20px;\" data-icon=\"agsdix-seth-icon_check_alt\">icon_check_alt icon<\/span><strong><a href=\"https:\/\/balancemedspa.com\/en\/facial-treatments\/\"> Reductive \/ Firming Facial<\/a><br \/><span class=\"agsdi-icon\" style=\"color: #059ff2!important; font-size: 20px;\" data-icon=\"agsdix-seth-icon_check_alt\">icon_check_alt icon<\/span> <a href=\"https:\/\/balancemedspa.com\/en\/treatment-for-dark-circles-under-the-eyes\/\">Treatment for dark circles under the eyes<\/a><br \/><\/strong><\/p>\n<p>&nbsp;<\/p>\n<p>[\/et_pb_text][\/et_pb_column_inner][\/et_pb_row_inner][\/et_pb_column][et_pb_column type=&#8221;1_3&#8243; _builder_version=&#8221;4.16&#8243; custom_padding=&#8221;|||&#8221; global_colors_info=&#8221;{}&#8221; custom_padding__hover=&#8221;|||&#8221;][et_pb_image src=&#8221;https:\/\/balancemedspa.com\/wp-content\/uploads\/2023\/03\/Copia-de-Diseno-sin-titulo-12-4.png&#8221; title_text=&#8221;Copia-de-Diseno-sin-titulo-12-4&#8243; align=&#8221;center&#8221; _builder_version=&#8221;4.17.0&#8243; _module_preset=&#8221;default&#8221; width=&#8221;74%&#8221; animation_style=&#8221;zoom&#8221; global_colors_info=&#8221;{}&#8221;][\/et_pb_image][\/et_pb_column][\/et_pb_section]<\/p>\n","protected":false},"excerpt":{"rendered":"<p>3D Facial Diagnostic Evaluation<div class=\"et_pb_module dsm_animated_gradient_text dsm_animated_gradient_text_0\">\n\t\t\t\t\n\t\t\t\t\n\t\t\t\t\n\t\t\t\t\n\t\t\t\t\n\t\t\t\t\n\t\t\t\t<div class=\"et_pb_module_inner\">\n\t\t\t\t\t<h2 class=\"dsm-animated-gradient-text et_pb_module_header\">&#8221;In<\/h2>\n\t\t\t\t<\/div>\n\t\t\t<\/div><\/p>\n","protected":false},"author":1,"featured_media":0,"parent":0,"menu_order":0,"comment_status":"closed","ping_status":"closed","template":"","meta":{"_et_pb_use_builder":"on","_et_pb_old_content":"","_et_gb_content_width":"","om_disable_all_campaigns":false,"_monsterinsights_skip_tracking":false,"_monsterinsights_sitenote_active":false,"_monsterinsights_sitenote_note":"","_monsterinsights_sitenote_category":0,"footnotes":""},"class_list":["post-3262","page","type-page","status-publish","hentry"],"aioseo_notices":[],"_links":{"self":[{"href":"https:\/\/balancemedspa.com\/en\/wp-json\/wp\/v2\/pages\/3262","targetHints":{"allow":["GET"]}}],"collection":[{"href":"https:\/\/balancemedspa.com\/en\/wp-json\/wp\/v2\/pages"}],"about":[{"href":"https:\/\/balancemedspa.com\/en\/wp-json\/wp\/v2\/types\/page"}],"author":[{"embeddable":true,"href":"https:\/\/balancemedspa.com\/en\/wp-json\/wp\/v2\/users\/1"}],"replies":[{"embeddable":true,"href":"https:\/\/balancemedspa.com\/en\/wp-json\/wp\/v2\/comments?post=3262"}],"version-history":[{"count":4,"href":"https:\/\/balancemedspa.com\/en\/wp-json\/wp\/v2\/pages\/3262\/revisions"}],"predecessor-version":[{"id":4027,"href":"https:\/\/balancemedspa.com\/en\/wp-json\/wp\/v2\/pages\/3262\/revisions\/4027"}],"wp:attachment":[{"href":"https:\/\/balancemedspa.com\/en\/wp-json\/wp\/v2\/media?parent=3262"}],"curies":[{"name":"wp","href":"https:\/\/api.w.org\/{rel}","templated":true}]}}